{"id":115268,"date":"2024-12-13T19:17:46","date_gmt":"2024-12-13T18:17:46","guid":{"rendered":"https:\/\/www.selfhome.lu\/?post_type=product&#038;p=115268"},"modified":"2025-01-29T11:53:12","modified_gmt":"2025-01-29T10:53:12","slug":"panneaux-en-v","status":"publish","type":"product","link":"https:\/\/www.selfhome.lu\/en\/produit\/panneaux-en-v\/","title":{"rendered":"V-shaped \"FOR SALE\" signs with personalized QR Code"},"content":{"rendered":"<p><b data-stringify-type=\"bold\">Dimensions<\/b>\u00a0100 x 70 cm, perfect for maximum visibility.<\/p>\n<p><b data-stringify-type=\"bold\">Double Visibility<\/b>\u00a0Designed to be wall-mounted, this unique V-shaped sign displays your ad on both sides, doubling the chances of capturing the attention of passers-by.<\/p>\n<p><b data-stringify-type=\"bold\">Indoor and outdoor use<\/b>\u00a0: Weather-resistant, this panel is perfect for use anywhere, in any weather.<\/p>\n<p><b data-stringify-type=\"bold\">Easy installation<\/b>\u00a0Choose between double-sided adhesive tape for simple window mounting, or pre-drilled holes with self-locking fasteners for secure hanging.<\/p>\n<p><b data-stringify-type=\"bold\">Integrated QR Code<\/b>\u00a0Each panel includes a personalized QR Code, enabling interested parties to scan and access your ad directly on Selfhome. It's the ideal tool to help you stand out in a competitive real estate market.<\/p>\n<p><b data-stringify-type=\"bold\">Service life :<\/b>\u00a0Ecological and robust, designed to withstand up to two years of harsh weather conditions.<\/p>\n<p><b data-stringify-type=\"bold\">Free delivery :\u00a0<\/b>By early January 2025<\/p>","protected":false},"excerpt":{"rendered":"<p>Dimensions\u00a0: 100 x 70 cm, parfait pour une visibilit\u00e9 maximale. Double Visibilit\u00e9\u00a0: Con\u00e7u pour \u00eatre fix\u00e9 au mur, ce panneau unique en forme de V affiche votre annonce des deux c\u00f4t\u00e9s, doublant ainsi les chances de capter l\u2019attention des passants. Usage Int\u00e9rieur et Ext\u00e9rieur\u00a0: R\u00e9sistant aux intemp\u00e9ries, ce panneau est parfait pour une utilisation en [&hellip;]<\/p>\n","protected":false},"featured_media":116501,"template":"","meta":{"inline_featured_image":false},"product_brand":[],"product_cat":[175,178],"product_tag":[],"class_list":{"0":"post-115268","1":"product","2":"type-product","3":"status-publish","4":"has-post-thumbnail","6":"product_cat-pancarte","7":"product_cat-pancarte-vente","9":"first","10":"instock","11":"taxable","12":"shipping-taxable","13":"purchasable","14":"product-type-simple"},"acf":[],"_links":{"self":[{"href":"https:\/\/www.selfhome.lu\/en\/wp-json\/wp\/v2\/product\/115268","targetHints":{"allow":["GET"]}}],"collection":[{"href":"https:\/\/www.selfhome.lu\/en\/wp-json\/wp\/v2\/product"}],"about":[{"href":"https:\/\/www.selfhome.lu\/en\/wp-json\/wp\/v2\/types\/product"}],"wp:featuredmedia":[{"embeddable":true,"href":"https:\/\/www.selfhome.lu\/en\/wp-json\/wp\/v2\/media\/116501"}],"wp:attachment":[{"href":"https:\/\/www.selfhome.lu\/en\/wp-json\/wp\/v2\/media?parent=115268"}],"wp:term":[{"taxonomy":"product_brand","embeddable":true,"href":"https:\/\/www.selfhome.lu\/en\/wp-json\/wp\/v2\/product_brand?post=115268"},{"taxonomy":"product_cat","embeddable":true,"href":"https:\/\/www.selfhome.lu\/en\/wp-json\/wp\/v2\/product_cat?post=115268"},{"taxonomy":"product_tag","embeddable":true,"href":"https:\/\/www.selfhome.lu\/en\/wp-json\/wp\/v2\/product_tag?post=115268"}],"curies":[{"name":"wp","href":"https:\/\/api.w.org\/{rel}","templated":true}]}}